{"id":41,"date":"2023-01-09T14:27:06","date_gmt":"2023-01-09T14:27:06","guid":{"rendered":"http:\/\/www.pbxcomunicacions.com\/web\/?page_id=41"},"modified":"2023-05-25T09:17:14","modified_gmt":"2023-05-25T09:17:14","slug":"politica-de-privacidad","status":"publish","type":"page","link":"https:\/\/www.pbxcomunicacions.com\/web\/politica-de-privacidad\/","title":{"rendered":"Pol\u00edtica de privacidad"},"content":{"rendered":"\t\t<div data-elementor-type=\"wp-page\" data-elementor-id=\"41\" class=\"elementor elementor-41\">\n\t\t\t\t\t\t\t\t\t<section class=\"elementor-section elementor-top-section elementor-element elementor-element-6a454a0 elementor-section-height-min-height elementor-section-boxed elementor-section-height-default elementor-section-items-middle\" data-id=\"6a454a0\" data-element_type=\"section\" data-settings=\"{&quot;background_background&quot;:&quot;classic&quot;,&quot;shape_divider_bottom&quot;:&quot;pyramids&quot;}\">\n\t\t\t\t\t<div class=\"elementor-shape elementor-shape-bottom\" data-negative=\"false\">\n\t\t\t<svg xmlns=\"http:\/\/www.w3.org\/2000\/svg\" viewBox=\"0 0 1000 100\" preserveAspectRatio=\"none\">\n\t<path class=\"elementor-shape-fill\" d=\"M761.9,44.1L643.1,27.2L333.8,98L0,3.8V0l1000,0v3.9\"\/>\n<\/svg>\t\t<\/div>\n\t\t\t\t\t<div class=\"elementor-container elementor-column-gap-default\">\n\t\t\t\t\t<div class=\"elementor-column elementor-col-100 elementor-top-column elementor-element elementor-element-426dc5b\" data-id=\"426dc5b\" data-element_type=\"column\">\n\t\t\t<div class=\"elementor-widget-wrap elementor-element-populated\">\n\t\t\t\t\t\t\t\t<div class=\"elementor-element elementor-element-fa0a7f0 elementor-widget elementor-widget-heading\" data-id=\"fa0a7f0\" data-element_type=\"widget\" data-widget_type=\"heading.default\">\n\t\t\t\t<div class=\"elementor-widget-container\">\n\t\t\t<style>\/*! elementor - v3.13.3 - 22-05-2023 *\/\n.elementor-heading-title{padding:0;margin:0;line-height:1}.elementor-widget-heading .elementor-heading-title[class*=elementor-size-]>a{color:inherit;font-size:inherit;line-height:inherit}.elementor-widget-heading .elementor-heading-title.elementor-size-small{font-size:15px}.elementor-widget-heading .elementor-heading-title.elementor-size-medium{font-size:19px}.elementor-widget-heading .elementor-heading-title.elementor-size-large{font-size:29px}.elementor-widget-heading .elementor-heading-title.elementor-size-xl{font-size:39px}.elementor-widget-heading .elementor-heading-title.elementor-size-xxl{font-size:59px}<\/style><h2 class=\"elementor-heading-title elementor-size-default\">Pol\u00edtica de privacidad<\/h2>\t\t<\/div>\n\t\t\t\t<\/div>\n\t\t\t\t\t<\/div>\n\t\t<\/div>\n\t\t\t\t\t\t\t<\/div>\n\t\t<\/section>\n\t\t\t\t<section class=\"elementor-section elementor-top-section elementor-element elementor-element-65dc3c3 elementor-section-boxed elementor-section-height-default elementor-section-height-default\" data-id=\"65dc3c3\" data-element_type=\"section\">\n\t\t\t\t\t\t<div class=\"elementor-container elementor-column-gap-default\">\n\t\t\t\t\t<div class=\"elementor-column elementor-col-100 elementor-top-column elementor-element elementor-element-077cad3\" data-id=\"077cad3\" data-element_type=\"column\">\n\t\t\t<div class=\"elementor-widget-wrap elementor-element-populated\">\n\t\t\t\t\t\t\t\t<div class=\"elementor-element elementor-element-dccaac7 elementor-widget elementor-widget-text-editor\" data-id=\"dccaac7\" data-element_type=\"widget\" data-widget_type=\"text-editor.default\">\n\t\t\t\t<div class=\"elementor-widget-container\">\n\t\t\t<style>\/*! elementor - v3.13.3 - 22-05-2023 *\/\n.elementor-widget-text-editor.elementor-drop-cap-view-stacked .elementor-drop-cap{background-color:#69727d;color:#fff}.elementor-widget-text-editor.elementor-drop-cap-view-framed .elementor-drop-cap{color:#69727d;border:3px solid;background-color:transparent}.elementor-widget-text-editor:not(.elementor-drop-cap-view-default) .elementor-drop-cap{margin-top:8px}.elementor-widget-text-editor:not(.elementor-drop-cap-view-default) .elementor-drop-cap-letter{width:1em;height:1em}.elementor-widget-text-editor .elementor-drop-cap{float:left;text-align:center;line-height:1;font-size:50px}.elementor-widget-text-editor .elementor-drop-cap-letter{display:inline-block}<\/style>\t\t\t\t<p><strong>PBX COMUNICACIONS 2011 S.L<\/strong> es la entidad y titular del website www.pbxcomunicacions.com\u00a0\u00a0\u00a0(en adelante el \u201cWebsite\u201d), con domicilio social en C\/pi\u00f1ana n\u00ba9 poligono Torrefarrera, 25123 (Torrefarrera), y con C.I.F.B25731530 y que est\u00e1 destinada al comercio.<\/p><p><br \/><strong>PBX COMUNICACIONS 2011 S.L<\/strong> le garantiza la protecci\u00f3n de todos los datos de car\u00e1cter personal que proporcione el Usuario en el Website y, en cumplimiento de lo dispuesto en la Ley Org\u00e1nica 15\/1999, de 13 de diciembre, de Protecci\u00f3n de Datos de Car\u00e1cter Personal, en el\u00a0RD 1720\/2007 de 21 de diciembre y restante normativa de aplicaci\u00f3n, le informa que:<\/p><p>a. Todos los datos de car\u00e1cter personal facilitados a,\u00a0<strong>PBX COMUNICACIONS 2011 S.L\u00a0<\/strong>, ser\u00e1n tratados por \u00e9sta de acuerdo con la Ley Org\u00e1nica 15\/1999 de 13 de diciembre de Protecci\u00f3n de Datos de Car\u00e1cter Personal y el RD 1720\/2007 de 21 de diciembre y quedar\u00e1n incorporados en el fichero USUARIOS DE LA PAGINA WEB, creado y mantenido bajo la responsabilidad de\u00a0<strong>PBX COMUNICACIONS 2011 S.L<\/strong>\u00a0, el cual ha sido debidamente registrado en la Agencia Espa\u00f1ola de Protecci\u00f3n de Datos.<\/p><p>a. Los datos son recabados con las siguientes finalidades: gesti\u00f3n, estudio y resoluci\u00f3n de consultas y env\u00edo de publicidad y prospecci\u00f3n comercial por medios electr\u00f3nicos, acerca de la empresa, sus actividades, productos y servicios, as\u00ed como documentaci\u00f3n de diversa naturaleza.<\/p><p>a. En la recogida y el tratamiento de los datos de car\u00e1cter personal se han adoptado las medidas de seguridad adecuadas para evitar la p\u00e9rdida, el acceso no autorizado o la manipulaci\u00f3n de los mismos, de acuerdo con lo establecido en el Real Decreto 1720\/2007, de 21 de diciembre.<\/p><p>a. <strong>PBX COMUNICACIONS 2011 S.L<\/strong> se compromete a proteger la informaci\u00f3n confidencial a la que tenga acceso.<\/p><p>a. <strong>PBX COMUNICACIONS 2011 S.L<\/strong> no emplear\u00e1 en ning\u00fan caso los datos de car\u00e1cter personal que usted ponga a su disposici\u00f3n para prestar servicios a terceros distintos a los referidos en el apartado b) del presente documento o, en su caso, para lograr una utilidad propia.<\/p><p>a. El Usuario certifica que es mayor de 14 a\u00f1os y que, por lo tanto, posee la capacidad legal necesaria para la prestaci\u00f3n del consentimiento en cuanto al tratamiento de sus datos de car\u00e1cter personal y todo ello, de conformidad con lo establecido en la presente Pol\u00edtica de Privacidad.<\/p><p>a. El Usuario puede, en todo momento, ejercitar los derechos de acceso, rectificaci\u00f3n, cancelaci\u00f3n y oposici\u00f3n sobre sus datos personales, as\u00ed como el de revocaci\u00f3n del consentimiento para cualquier de las finalidades antes se\u00f1aladas, enviando a\u00a0<strong>PBX COMUNICACIONS 2011 S.L\u00a0<\/strong>, carta debidamente firmada a nuestra direcci\u00f3n postal, arriba indicada, donde consten claramente los datos de contacto, a la cual<br \/>deber\u00e1 acompa\u00f1arse fotocopia de su DNI\/NIF o documento que acredite su identidad.<\/p><p>a. El Usuario autoriza al tratamiento automatizado de los datos personales suministrados en los t\u00e9rminos indicados. Para ello, pulse el bot\u00f3n \u201cENVIAR\u201d que se encuentra tras el formulario de recogida de datos.<\/p>\t\t\t\t\t\t<\/div>\n\t\t\t\t<\/div>\n\t\t\t\t\t<\/div>\n\t\t<\/div>\n\t\t\t\t\t\t\t<\/div>\n\t\t<\/section>\n\t\t\t\t\t\t\t<\/div>\n\t\t","protected":false},"excerpt":{"rendered":"<p>Pol\u00edtica de privacidad PBX COMUNICACIONS 2011 S.L es la entidad y titular del website www.pbxcomunicacions.com&nbsp;&nbsp;&nbsp;(en adelante el \u201cWebsite\u201d), con domicilio social en C\/pi\u00f1ana n\u00ba9 poligono Torrefarrera, 25123 (Torrefarrera), y con C.I.F.B25731530 y que est\u00e1 destinada al comercio. PBX COMUNICACIONS 2011 S.L le garantiza la protecci\u00f3n de todos los datos de car\u00e1cter personal que proporcione el [&hellip;]<\/p>\n","protected":false},"author":1,"featured_media":0,"parent":0,"menu_order":0,"comment_status":"closed","ping_status":"closed","template":"elementor_header_footer","meta":[],"_links":{"self":[{"href":"https:\/\/www.pbxcomunicacions.com\/web\/wp-json\/wp\/v2\/pages\/41"}],"collection":[{"href":"https:\/\/www.pbxcomunicacions.com\/web\/wp-json\/wp\/v2\/pages"}],"about":[{"href":"https:\/\/www.pbxcomunicacions.com\/web\/wp-json\/wp\/v2\/types\/page"}],"author":[{"embeddable":true,"href":"https:\/\/www.pbxcomunicacions.com\/web\/wp-json\/wp\/v2\/users\/1"}],"replies":[{"embeddable":true,"href":"https:\/\/www.pbxcomunicacions.com\/web\/wp-json\/wp\/v2\/comments?post=41"}],"version-history":[{"count":11,"href":"https:\/\/www.pbxcomunicacions.com\/web\/wp-json\/wp\/v2\/pages\/41\/revisions"}],"predecessor-version":[{"id":861,"href":"https:\/\/www.pbxcomunicacions.com\/web\/wp-json\/wp\/v2\/pages\/41\/revisions\/861"}],"wp:attachment":[{"href":"https:\/\/www.pbxcomunicacions.com\/web\/wp-json\/wp\/v2\/media?parent=41"}],"curies":[{"name":"wp","href":"https:\/\/api.w.org\/{rel}","templated":true}]}}