{"id":44,"date":"2023-01-09T14:34:23","date_gmt":"2023-01-09T14:34:23","guid":{"rendered":"http:\/\/www.pbxcomunicacions.com\/web\/?page_id=44"},"modified":"2023-05-25T09:09:15","modified_gmt":"2023-05-25T09:09:15","slug":"aviso-legal","status":"publish","type":"page","link":"https:\/\/www.pbxcomunicacions.com\/web\/aviso-legal\/","title":{"rendered":"AVISO LEGAL"},"content":{"rendered":"\t\t<div data-elementor-type=\"wp-page\" data-elementor-id=\"44\" class=\"elementor elementor-44\">\n\t\t\t\t\t\t\t\t\t<section class=\"elementor-section elementor-top-section elementor-element elementor-element-f111b39 elementor-section-height-min-height elementor-section-boxed elementor-section-height-default elementor-section-items-middle\" data-id=\"f111b39\" data-element_type=\"section\" data-settings=\"{&quot;background_background&quot;:&quot;classic&quot;,&quot;shape_divider_bottom&quot;:&quot;pyramids&quot;}\">\n\t\t\t\t\t<div class=\"elementor-shape elementor-shape-bottom\" data-negative=\"false\">\n\t\t\t<svg xmlns=\"http:\/\/www.w3.org\/2000\/svg\" viewBox=\"0 0 1000 100\" preserveAspectRatio=\"none\">\n\t<path class=\"elementor-shape-fill\" d=\"M761.9,44.1L643.1,27.2L333.8,98L0,3.8V0l1000,0v3.9\"\/>\n<\/svg>\t\t<\/div>\n\t\t\t\t\t<div class=\"elementor-container elementor-column-gap-default\">\n\t\t\t\t\t<div class=\"elementor-column elementor-col-100 elementor-top-column elementor-element elementor-element-8a8ccf0\" data-id=\"8a8ccf0\" data-element_type=\"column\">\n\t\t\t<div class=\"elementor-widget-wrap elementor-element-populated\">\n\t\t\t\t\t\t\t\t<div class=\"elementor-element elementor-element-5f421c4 elementor-widget elementor-widget-heading\" data-id=\"5f421c4\" data-element_type=\"widget\" data-widget_type=\"heading.default\">\n\t\t\t\t<div class=\"elementor-widget-container\">\n\t\t\t<style>\/*! elementor - v3.13.3 - 22-05-2023 *\/\n.elementor-heading-title{padding:0;margin:0;line-height:1}.elementor-widget-heading .elementor-heading-title[class*=elementor-size-]>a{color:inherit;font-size:inherit;line-height:inherit}.elementor-widget-heading .elementor-heading-title.elementor-size-small{font-size:15px}.elementor-widget-heading .elementor-heading-title.elementor-size-medium{font-size:19px}.elementor-widget-heading .elementor-heading-title.elementor-size-large{font-size:29px}.elementor-widget-heading .elementor-heading-title.elementor-size-xl{font-size:39px}.elementor-widget-heading .elementor-heading-title.elementor-size-xxl{font-size:59px}<\/style><h2 class=\"elementor-heading-title elementor-size-default\">Aviso legal<\/h2>\t\t<\/div>\n\t\t\t\t<\/div>\n\t\t\t\t\t<\/div>\n\t\t<\/div>\n\t\t\t\t\t\t\t<\/div>\n\t\t<\/section>\n\t\t\t\t<section class=\"elementor-section elementor-top-section elementor-element elementor-element-8bf1e97 elementor-section-boxed elementor-section-height-default elementor-section-height-default\" data-id=\"8bf1e97\" data-element_type=\"section\">\n\t\t\t\t\t\t<div class=\"elementor-container elementor-column-gap-default\">\n\t\t\t\t\t<div class=\"elementor-column elementor-col-100 elementor-top-column elementor-element elementor-element-0f22708\" data-id=\"0f22708\" data-element_type=\"column\">\n\t\t\t<div class=\"elementor-widget-wrap elementor-element-populated\">\n\t\t\t\t\t\t\t\t<div class=\"elementor-element elementor-element-986357b elementor-widget elementor-widget-text-editor\" data-id=\"986357b\" data-element_type=\"widget\" data-widget_type=\"text-editor.default\">\n\t\t\t\t<div class=\"elementor-widget-container\">\n\t\t\t<style>\/*! elementor - v3.13.3 - 22-05-2023 *\/\n.elementor-widget-text-editor.elementor-drop-cap-view-stacked .elementor-drop-cap{background-color:#69727d;color:#fff}.elementor-widget-text-editor.elementor-drop-cap-view-framed .elementor-drop-cap{color:#69727d;border:3px solid;background-color:transparent}.elementor-widget-text-editor:not(.elementor-drop-cap-view-default) .elementor-drop-cap{margin-top:8px}.elementor-widget-text-editor:not(.elementor-drop-cap-view-default) .elementor-drop-cap-letter{width:1em;height:1em}.elementor-widget-text-editor .elementor-drop-cap{float:left;text-align:center;line-height:1;font-size:50px}.elementor-widget-text-editor .elementor-drop-cap-letter{display:inline-block}<\/style>\t\t\t\t<p><i><span style=\"font-weight: 400;\">PBX COMUNICACIONS 2011 S.L. ha adecuado esta web a las exigencias de la Ley Org\u00e1nica 15\/1999, de 13 de diciembre, de Protecci\u00f3n de Datos de Car\u00e1cter Personal (LOPD), y al Real Decreto 1720\/2007, de 21 de diciembre, conocido como el Reglamento de desarrollo de la LOPD. Cumple tambi\u00e9n con el Reglamento (UE) 2016\/679 del Parlamento Europeo y del Consejo de 27 de abril de 2016 relativo a la protecci\u00f3n de las personas f\u00edsicas (RGPD), as\u00ed como con la Ley 34\/2002, de 11 de julio, de Servicios de la Sociedad de la Informaci\u00f3n y Comercio Electr\u00f3nico (LSSICE o LSSI).<\/span><\/i><\/p><p>\u00a0<\/p><p><b><i>Nombre empresa: PBX COMUNICACIONS 2011 S.L<\/i><\/b><\/p><p><b><i>Raz\u00f3n social: PBX COMUNICACIONS 2011S.L, S.L.\u00a0<\/i><\/b><\/p><p><b><i>NIF: B25731530<\/i><\/b><\/p><p><b><i>Direcci\u00f3n: C\/pi\u00f1ana n\u00ba9 (Poligono Torrefarrera)- 25123 \u2013 Torrefarrera.<\/i><\/b><\/p><p><b style=\"color: var( --e-global-color-text ); font-family: var( --e-global-typography-text-font-family ), Sans-serif; font-size: var( --e-global-typography-text-font-size );\"><i>Tel\u00e9fono: 973245344<\/i><\/b><\/p><p><b><i>Email: <\/i><\/b><a href=\"mailto:pbx@pbxcomunicacions.com\"><b><i>pbx@pbxcomunicacions.com<\/i><\/b><\/a><\/p><p><b>Tomo 1, 281,Libro 0, Folio 115, Hoja L-25495 Inscripci\u00f3n 2\u00aa.<\/b><\/p><p>\u00a0<\/p><p><b><i>FINALIDAD DE LA P\u00c1GINA WEB.<\/i><\/b><\/p><p><i><span style=\"font-weight: 400;\">TeleComunicaciones, sistemas sociosanitarios para residencias, Sistema de seguridad,cableados estructurados.<\/span><\/i><\/p><p>\u00a0<\/p><p><b><i>El presente aviso legal (en adelante, el \u00abAviso Legal\u00bb) regula el uso del sitio web:<\/i><\/b><\/p><p><a href=\"http:\/\/www.pbxcomunicacions.com\"><b><i>www.pbxcomunicacions.com<\/i><\/b><\/a><\/p><p>\u00a0<\/p><p><b><i>LEGISLACI\u00d3N.<\/i><\/b><\/p><p><i><span style=\"font-weight: 400;\">Con car\u00e1cter general las relaciones entre PBX COMUNICACIONS 2011, S.L. con los Usuarios de sus servicios telem\u00e1ticos, presentes en este sitio web, se encuentran sometidas a la legislaci\u00f3n y jurisdicci\u00f3n espa\u00f1olas.<\/span><\/i><\/p><p>\u00a0<\/p><p><b><i>USO Y ACCESO DE USUARIOS.<\/i><\/b><\/p><p><i><span style=\"font-weight: 400;\">El Usuario queda informado, y acepta, que el acceso a la presente web no supone, en modo alguno, el inicio de una relaci\u00f3n comercial con PBX COMUNICACIONS 2011, S.L.\u00a0 o cualquiera de sus delegaciones.<\/span><\/i><\/p><p>\u00a0<\/p><p><b><i>PROPIEDAD INTELECTUAL E INDUSTRIAL.<\/i><\/b><\/p><p><i><span style=\"font-weight: 400;\">Los derechos de propiedad intelectual del contenido de las p\u00e1ginas web, su dise\u00f1o gr\u00e1fico y c\u00f3digos son titularidad\u00a0 de\u00a0 PBX COMUNICACIONS 2011,\u00a0 S.L.\u00a0 y,\u00a0 por\u00a0 tanto,\u00a0 queda\u00a0 prohibida\u00a0 su\u00a0 reproducci\u00f3n, distribuci\u00f3n, comunicaci\u00f3n p\u00fablica, transformaci\u00f3n o cualquier otra actividad que se pueda realizar con los contenidos de sus p\u00e1ginas web ni aun citando las fuentes, salvo consentimiento por escrito de PBX COMUNICACIONS 2011 S.L<\/span><\/i><\/p><p><b><i>CONTENIDO DE LA WEB Y ENLACES (LINKS).<\/i><\/b><\/p><p><i><span style=\"font-weight: 400;\">PBX COMUNICACIONS 2011 S.L se reserva el derecho a actualizar, modificar o eliminar la informaci\u00f3n contenida en sus p\u00e1ginas web pudiendo incluso limitar o no permitir el acceso a dicha informaci\u00f3n a ciertos usuarios.<\/span><\/i><\/p><p>\u00a0<\/p><p><i><span style=\"font-weight: 400;\">PBX COMUNICACIONS 2011 S.L no asume responsabilidad alguna por la informaci\u00f3n contenida en p\u00e1ginas web de terceros a las que se pueda acceder por \u00ablinks\u00bb o enlaces desde cualquier p\u00e1gina web propiedad de PBX COMUNICACIONS 2011 S.L. La presencia de \u00ablinks\u00bb o enlaces en las p\u00e1ginas web de PBX COMUNICACIONS 2011 S.L tiene finalidad meramente informativa y en ning\u00fan caso supone sugerencia, invitaci\u00f3n o recomendaci\u00f3n sobre los mismos.<\/span><\/i><\/p>\t\t\t\t\t\t<\/div>\n\t\t\t\t<\/div>\n\t\t\t\t\t<\/div>\n\t\t<\/div>\n\t\t\t\t\t\t\t<\/div>\n\t\t<\/section>\n\t\t\t\t\t\t\t<\/div>\n\t\t","protected":false},"excerpt":{"rendered":"<p>Aviso legal PBX COMUNICACIONS 2011 S.L. ha adecuado esta web a las exigencias de la Ley Org\u00e1nica 15\/1999, de 13 de diciembre, de Protecci\u00f3n de Datos de Car\u00e1cter Personal (LOPD), y al Real Decreto 1720\/2007, de 21 de diciembre, conocido como el Reglamento de desarrollo de la LOPD. Cumple tambi\u00e9n con el Reglamento (UE) 2016\/679 [&hellip;]<\/p>\n","protected":false},"author":1,"featured_media":0,"parent":0,"menu_order":0,"comment_status":"closed","ping_status":"closed","template":"elementor_header_footer","meta":[],"_links":{"self":[{"href":"https:\/\/www.pbxcomunicacions.com\/web\/wp-json\/wp\/v2\/pages\/44"}],"collection":[{"href":"https:\/\/www.pbxcomunicacions.com\/web\/wp-json\/wp\/v2\/pages"}],"about":[{"href":"https:\/\/www.pbxcomunicacions.com\/web\/wp-json\/wp\/v2\/types\/page"}],"author":[{"embeddable":true,"href":"https:\/\/www.pbxcomunicacions.com\/web\/wp-json\/wp\/v2\/users\/1"}],"replies":[{"embeddable":true,"href":"https:\/\/www.pbxcomunicacions.com\/web\/wp-json\/wp\/v2\/comments?post=44"}],"version-history":[{"count":24,"href":"https:\/\/www.pbxcomunicacions.com\/web\/wp-json\/wp\/v2\/pages\/44\/revisions"}],"predecessor-version":[{"id":855,"href":"https:\/\/www.pbxcomunicacions.com\/web\/wp-json\/wp\/v2\/pages\/44\/revisions\/855"}],"wp:attachment":[{"href":"https:\/\/www.pbxcomunicacions.com\/web\/wp-json\/wp\/v2\/media?parent=44"}],"curies":[{"name":"wp","href":"https:\/\/api.w.org\/{rel}","templated":true}]}}